{"id":1028,"date":"2022-12-11T02:02:27","date_gmt":"2022-12-11T00:02:27","guid":{"rendered":"https:\/\/rerurp.cat\/financadors\/"},"modified":"2023-05-24T23:35:51","modified_gmt":"2023-05-24T21:35:51","slug":"financadors","status":"publish","type":"page","link":"https:\/\/rerurp.cat\/ca\/financadors\/","title":{"rendered":"Finan\u00e7adors"},"content":{"rendered":"\t\t<div data-elementor-type=\"wp-page\" data-elementor-id=\"1028\" class=\"elementor elementor-1028 elementor-70\" data-elementor-post-type=\"page\">\n\t\t\t\t\t\t<section data-particle_enable=\"false\" data-particle-mobile-disabled=\"false\" class=\"elementor-section elementor-top-section elementor-element elementor-element-fe1c8b5 elementor-section-boxed elementor-section-height-default elementor-section-height-default\" data-id=\"fe1c8b5\" data-element_type=\"section\">\n\t\t\t\t\t\t<div class=\"elementor-container elementor-column-gap-default\">\n\t\t\t\t\t<div class=\"elementor-column elementor-col-100 elementor-top-column elementor-element elementor-element-977c038\" data-id=\"977c038\" data-element_type=\"column\">\n\t\t\t<div class=\"elementor-widget-wrap elementor-element-populated\">\n\t\t\t\t\t\t<div class=\"elementor-element elementor-element-3d5414a elementor-widget elementor-widget-spacer\" data-id=\"3d5414a\" data-element_type=\"widget\" data-widget_type=\"spacer.default\">\n\t\t\t\t<div class=\"elementor-widget-container\">\n\t\t\t\t\t\t\t<div class=\"elementor-spacer\">\n\t\t\t<div class=\"elementor-spacer-inner\"><\/div>\n\t\t<\/div>\n\t\t\t\t\t\t<\/div>\n\t\t\t\t<\/div>\n\t\t\t\t<div class=\"elementor-element elementor-element-d434554 elementor-widget elementor-widget-heading\" data-id=\"d434554\" data-element_type=\"widget\" data-widget_type=\"heading.default\">\n\t\t\t\t<div class=\"elementor-widget-container\">\n\t\t\t\t\t<h1 class=\"elementor-heading-title elementor-size-default\">Finan\u00e7adors<\/h1>\t\t\t\t<\/div>\n\t\t\t\t<\/div>\n\t\t\t\t<div class=\"elementor-element elementor-element-0e90f91 elementor-widget-divider--view-line elementor-widget elementor-widget-divider\" data-id=\"0e90f91\" data-element_type=\"widget\" data-widget_type=\"divider.default\">\n\t\t\t\t<div class=\"elementor-widget-container\">\n\t\t\t\t\t\t\t<div class=\"elementor-divider\">\n\t\t\t<span class=\"elementor-divider-separator\">\n\t\t\t\t\t\t<\/span>\n\t\t<\/div>\n\t\t\t\t\t\t<\/div>\n\t\t\t\t<\/div>\n\t\t\t\t<div class=\"elementor-element elementor-element-fb9c272 elementor-widget elementor-widget-text-editor\" data-id=\"fb9c272\" data-element_type=\"widget\" data-widget_type=\"text-editor.default\">\n\t\t\t\t<div class=\"elementor-widget-container\">\n\t\t\t\t\t\t\t\t\t<p style=\"text-align: center;\">Un projecte de:<\/p>\n\t\t\t\t\t\t\t\t<\/div>\n\t\t\t\t<\/div>\n\t\t\t\t<div class=\"elementor-element elementor-element-edda204 elementor-widget elementor-widget-spacer\" data-id=\"edda204\" data-element_type=\"widget\" data-widget_type=\"spacer.default\">\n\t\t\t\t<div class=\"elementor-widget-container\">\n\t\t\t\t\t\t\t<div class=\"elementor-spacer\">\n\t\t\t<div class=\"elementor-spacer-inner\"><\/div>\n\t\t<\/div>\n\t\t\t\t\t\t<\/div>\n\t\t\t\t<\/div>\n\t\t\t\t<section data-particle_enable=\"false\" data-particle-mobile-disabled=\"false\" class=\"elementor-section elementor-inner-section elementor-element elementor-element-181de28 elementor-section-boxed elementor-section-height-default elementor-section-height-default\" data-id=\"181de28\" data-element_type=\"section\">\n\t\t\t\t\t\t<div class=\"elementor-container elementor-column-gap-default\">\n\t\t\t\t\t<div class=\"elementor-column elementor-col-50 elementor-inner-column elementor-element elementor-element-7200d0c\" data-id=\"7200d0c\" data-element_type=\"column\">\n\t\t\t<div class=\"elementor-widget-wrap elementor-element-populated\">\n\t\t\t\t\t\t<div class=\"elementor-element elementor-element-e1cb7dd elementor-widget elementor-widget-image\" data-id=\"e1cb7dd\" data-element_type=\"widget\" data-widget_type=\"image.default\">\n\t\t\t\t<div class=\"elementor-widget-container\">\n\t\t\t\t\t\t\t\t\t\t\t\t\t\t\t<img fetchpriority=\"high\" decoding=\"async\" width=\"800\" height=\"268\" src=\"https:\/\/rerurp.cat\/wp-content\/uploads\/2023\/01\/facultat-geografia-udg-blau.png\" class=\"attachment-large size-large wp-image-654\" alt=\"\" srcset=\"https:\/\/rerurp.cat\/wp-content\/uploads\/2023\/01\/facultat-geografia-udg-blau.png 900w, https:\/\/rerurp.cat\/wp-content\/uploads\/2023\/01\/facultat-geografia-udg-blau-300x101.png 300w, https:\/\/rerurp.cat\/wp-content\/uploads\/2023\/01\/facultat-geografia-udg-blau-768x258.png 768w\" sizes=\"(max-width: 800px) 100vw, 800px\" \/>\t\t\t\t\t\t\t\t\t\t\t\t\t\t\t<\/div>\n\t\t\t\t<\/div>\n\t\t\t\t\t<\/div>\n\t\t<\/div>\n\t\t\t\t<div class=\"elementor-column elementor-col-50 elementor-inner-column elementor-element elementor-element-654b6b0\" data-id=\"654b6b0\" data-element_type=\"column\">\n\t\t\t<div class=\"elementor-widget-wrap elementor-element-populated\">\n\t\t\t\t\t\t<div class=\"elementor-element elementor-element-b21678d elementor-widget elementor-widget-image\" data-id=\"b21678d\" data-element_type=\"widget\" data-widget_type=\"image.default\">\n\t\t\t\t<div class=\"elementor-widget-container\">\n\t\t\t\t\t\t\t\t\t\t\t\t\t\t\t<img decoding=\"async\" width=\"800\" height=\"311\" src=\"https:\/\/rerurp.cat\/wp-content\/uploads\/2023\/01\/ub.png\" class=\"attachment-large size-large wp-image-642\" alt=\"\" srcset=\"https:\/\/rerurp.cat\/wp-content\/uploads\/2023\/01\/ub.png 900w, https:\/\/rerurp.cat\/wp-content\/uploads\/2023\/01\/ub-300x117.png 300w, https:\/\/rerurp.cat\/wp-content\/uploads\/2023\/01\/ub-768x299.png 768w\" sizes=\"(max-width: 800px) 100vw, 800px\" \/>\t\t\t\t\t\t\t\t\t\t\t\t\t\t\t<\/div>\n\t\t\t\t<\/div>\n\t\t\t\t\t<\/div>\n\t\t<\/div>\n\t\t\t\t\t<\/div>\n\t\t<\/section>\n\t\t\t\t<div class=\"elementor-element elementor-element-cf134e9 elementor-widget elementor-widget-spacer\" data-id=\"cf134e9\" data-element_type=\"widget\" data-widget_type=\"spacer.default\">\n\t\t\t\t<div class=\"elementor-widget-container\">\n\t\t\t\t\t\t\t<div class=\"elementor-spacer\">\n\t\t\t<div class=\"elementor-spacer-inner\"><\/div>\n\t\t<\/div>\n\t\t\t\t\t\t<\/div>\n\t\t\t\t<\/div>\n\t\t\t\t\t<\/div>\n\t\t<\/div>\n\t\t\t\t\t<\/div>\n\t\t<\/section>\n\t\t\t\t<section data-particle_enable=\"false\" data-particle-mobile-disabled=\"false\" class=\"elementor-section elementor-top-section elementor-element elementor-element-27fd680 elementor-section-boxed elementor-section-height-default elementor-section-height-default\" data-id=\"27fd680\" data-element_type=\"section\">\n\t\t\t\t\t\t<div class=\"elementor-container elementor-column-gap-default\">\n\t\t\t\t\t<div class=\"elementor-column elementor-col-100 elementor-top-column elementor-element elementor-element-86967a0\" data-id=\"86967a0\" data-element_type=\"column\">\n\t\t\t<div class=\"elementor-widget-wrap elementor-element-populated\">\n\t\t\t\t\t\t<div class=\"elementor-element elementor-element-4ff5e34 elementor-widget elementor-widget-text-editor\" data-id=\"4ff5e34\" data-element_type=\"widget\" data-widget_type=\"text-editor.default\">\n\t\t\t\t<div class=\"elementor-widget-container\">\n\t\t\t\t\t\t\t\t\t<p style=\"text-align: center;\"><span style=\"font-weight: 400;\">El projecte est\u00e1 finan\u00e7at per el Ministerio de Ciencia y Innovaci\u00f3n en la convocatoria de i+D Generaci\u00f3n de conocimiento (2021). <\/span><\/p>\n\t\t\t\t\t\t\t\t<\/div>\n\t\t\t\t<\/div>\n\t\t\t\t<div class=\"elementor-element elementor-element-db14453 elementor-widget elementor-widget-image\" data-id=\"db14453\" data-element_type=\"widget\" data-widget_type=\"image.default\">\n\t\t\t\t<div class=\"elementor-widget-container\">\n\t\t\t\t\t\t\t\t\t\t\t\t\t\t\t<img decoding=\"async\" width=\"409\" height=\"123\" src=\"https:\/\/rerurp.cat\/wp-content\/uploads\/2023\/03\/Ministeri.png\" class=\"attachment-large size-large wp-image-664\" alt=\"\" srcset=\"https:\/\/rerurp.cat\/wp-content\/uploads\/2023\/03\/Ministeri.png 409w, https:\/\/rerurp.cat\/wp-content\/uploads\/2023\/03\/Ministeri-300x90.png 300w\" sizes=\"(max-width: 409px) 100vw, 409px\" \/>\t\t\t\t\t\t\t\t\t\t\t\t\t\t\t<\/div>\n\t\t\t\t<\/div>\n\t\t\t\t<div class=\"elementor-element elementor-element-1ecb2b1 elementor-widget elementor-widget-spacer\" data-id=\"1ecb2b1\" data-element_type=\"widget\" data-widget_type=\"spacer.default\">\n\t\t\t\t<div class=\"elementor-widget-container\">\n\t\t\t\t\t\t\t<div class=\"elementor-spacer\">\n\t\t\t<div class=\"elementor-spacer-inner\"><\/div>\n\t\t<\/div>\n\t\t\t\t\t\t<\/div>\n\t\t\t\t<\/div>\n\t\t\t\t\t<\/div>\n\t\t<\/div>\n\t\t\t\t\t<\/div>\n\t\t<\/section>\n\t\t\t\t<\/div>\n\t\t","protected":false},"excerpt":{"rendered":"<p>Finan\u00e7adors Un projecte de: El projecte est\u00e1 finan\u00e7at per el Ministerio de Ciencia y Innovaci\u00f3n en la convocatoria de i+D Generaci\u00f3n de conocimiento (2021).<\/p>\n","protected":false},"author":1,"featured_media":0,"parent":0,"menu_order":0,"comment_status":"closed","ping_status":"closed","template":"","meta":{"footnotes":""},"class_list":["post-1028","page","type-page","status-publish","hentry"],"_links":{"self":[{"href":"https:\/\/rerurp.cat\/ca\/wp-json\/wp\/v2\/pages\/1028","targetHints":{"allow":["GET"]}}],"collection":[{"href":"https:\/\/rerurp.cat\/ca\/wp-json\/wp\/v2\/pages"}],"about":[{"href":"https:\/\/rerurp.cat\/ca\/wp-json\/wp\/v2\/types\/page"}],"author":[{"embeddable":true,"href":"https:\/\/rerurp.cat\/ca\/wp-json\/wp\/v2\/users\/1"}],"replies":[{"embeddable":true,"href":"https:\/\/rerurp.cat\/ca\/wp-json\/wp\/v2\/comments?post=1028"}],"version-history":[{"count":2,"href":"https:\/\/rerurp.cat\/ca\/wp-json\/wp\/v2\/pages\/1028\/revisions"}],"predecessor-version":[{"id":1030,"href":"https:\/\/rerurp.cat\/ca\/wp-json\/wp\/v2\/pages\/1028\/revisions\/1030"}],"wp:attachment":[{"href":"https:\/\/rerurp.cat\/ca\/wp-json\/wp\/v2\/media?parent=1028"}],"curies":[{"name":"wp","href":"https:\/\/api.w.org\/{rel}","templated":true}]}}