{"id":1010,"date":"2022-12-11T01:39:17","date_gmt":"2022-12-10T23:39:17","guid":{"rendered":"https:\/\/rerurp.cat\/el-projecte\/"},"modified":"2025-04-07T13:49:44","modified_gmt":"2025-04-07T11:49:44","slug":"el-projecte","status":"publish","type":"page","link":"https:\/\/rerurp.cat\/ca\/el-projecte\/","title":{"rendered":"El projecte"},"content":{"rendered":"\t\t<div data-elementor-type=\"wp-page\" data-elementor-id=\"1010\" class=\"elementor elementor-1010 elementor-39\" data-elementor-post-type=\"page\">\n\t\t\t\t\t\t<section data-particle_enable=\"false\" data-particle-mobile-disabled=\"false\" class=\"elementor-section elementor-top-section elementor-element elementor-element-8cc8254 elementor-section-boxed elementor-section-height-default elementor-section-height-default\" data-id=\"8cc8254\" data-element_type=\"section\">\n\t\t\t\t\t\t<div class=\"elementor-container elementor-column-gap-default\">\n\t\t\t\t\t<div class=\"elementor-column elementor-col-100 elementor-top-column elementor-element elementor-element-70f2e5b\" data-id=\"70f2e5b\" data-element_type=\"column\">\n\t\t\t<div class=\"elementor-widget-wrap elementor-element-populated\">\n\t\t\t\t\t\t<div class=\"elementor-element elementor-element-fe2e37b elementor-widget elementor-widget-spacer\" data-id=\"fe2e37b\" data-element_type=\"widget\" data-widget_type=\"spacer.default\">\n\t\t\t\t<div class=\"elementor-widget-container\">\n\t\t\t\t\t\t\t<div class=\"elementor-spacer\">\n\t\t\t<div class=\"elementor-spacer-inner\"><\/div>\n\t\t<\/div>\n\t\t\t\t\t\t<\/div>\n\t\t\t\t<\/div>\n\t\t\t\t<div class=\"elementor-element elementor-element-e69e050 elementor-widget elementor-widget-heading\" data-id=\"e69e050\" data-element_type=\"widget\" data-widget_type=\"heading.default\">\n\t\t\t\t<div class=\"elementor-widget-container\">\n\t\t\t\t\t<h1 class=\"elementor-heading-title elementor-size-default\">El projecte<\/h1>\t\t\t\t<\/div>\n\t\t\t\t<\/div>\n\t\t\t\t<div class=\"elementor-element elementor-element-17860f3 elementor-widget-divider--view-line elementor-widget elementor-widget-divider\" data-id=\"17860f3\" data-element_type=\"widget\" data-widget_type=\"divider.default\">\n\t\t\t\t<div class=\"elementor-widget-container\">\n\t\t\t\t\t\t\t<div class=\"elementor-divider\">\n\t\t\t<span class=\"elementor-divider-separator\">\n\t\t\t\t\t\t<\/span>\n\t\t<\/div>\n\t\t\t\t\t\t<\/div>\n\t\t\t\t<\/div>\n\t\t\t\t\t<\/div>\n\t\t<\/div>\n\t\t\t\t\t<\/div>\n\t\t<\/section>\n\t\t\t\t<section data-particle_enable=\"false\" data-particle-mobile-disabled=\"false\" class=\"elementor-section elementor-top-section elementor-element elementor-element-4549614 elementor-section-boxed elementor-section-height-default elementor-section-height-default\" data-id=\"4549614\" data-element_type=\"section\">\n\t\t\t\t\t\t<div class=\"elementor-container elementor-column-gap-no\">\n\t\t\t\t\t<div class=\"elementor-column elementor-col-100 elementor-top-column elementor-element elementor-element-7a19f39\" data-id=\"7a19f39\" data-element_type=\"column\">\n\t\t\t<div class=\"elementor-widget-wrap elementor-element-populated\">\n\t\t\t\t\t\t<div class=\"elementor-element elementor-element-cd575ce elementor--h-position-center elementor--v-position-middle elementor-pagination-position-inside elementor-widget elementor-widget-slides\" data-id=\"cd575ce\" data-element_type=\"widget\" data-settings=\"{&quot;navigation&quot;:&quot;dots&quot;,&quot;autoplay&quot;:&quot;yes&quot;,&quot;pause_on_hover&quot;:&quot;yes&quot;,&quot;autoplay_speed&quot;:5000,&quot;infinite&quot;:&quot;yes&quot;,&quot;transition&quot;:&quot;slide&quot;,&quot;transition_speed&quot;:500}\" data-widget_type=\"slides.default\">\n\t\t\t\t<div class=\"elementor-widget-container\">\n\t\t\t\t\t\t\t\t\t<div class=\"elementor-swiper\">\n\t\t\t\t\t<div class=\"elementor-slides-wrapper elementor-main-swiper swiper\" role=\"region\" aria-roledescription=\"carousel\" aria-label=\"Diapositivas\" dir=\"ltr\" data-animation=\"fadeInUp\">\n\t\t\t\t<div class=\"swiper-wrapper elementor-slides\">\n\t\t\t\t\t\t\t\t\t\t<div class=\"elementor-repeater-item-20cbab6 swiper-slide\" role=\"group\" aria-roledescription=\"slide\"><div class=\"swiper-slide-bg\" role=\"img\"><\/div><div class=\"swiper-slide-inner\" ><div class=\"swiper-slide-contents\"><\/div><\/div><\/div><div class=\"elementor-repeater-item-70429df swiper-slide\" role=\"group\" aria-roledescription=\"slide\"><div class=\"swiper-slide-bg\" role=\"img\"><\/div><div class=\"swiper-slide-inner\" ><div class=\"swiper-slide-contents\"><\/div><\/div><\/div><div class=\"elementor-repeater-item-d179148 swiper-slide\" role=\"group\" aria-roledescription=\"slide\"><div class=\"swiper-slide-bg\" role=\"img\"><\/div><div class=\"swiper-slide-inner\" ><div class=\"swiper-slide-contents\"><\/div><\/div><\/div><div class=\"elementor-repeater-item-c6b7fa6 swiper-slide\" role=\"group\" aria-roledescription=\"slide\"><div class=\"swiper-slide-bg\" role=\"img\"><\/div><div class=\"swiper-slide-inner\" ><div class=\"swiper-slide-contents\"><\/div><\/div><\/div>\t\t\t\t<\/div>\n\t\t\t\t\t\t\t\t\t\t\t\t\t\t\t\t\t\t\t\t<div class=\"swiper-pagination\"><\/div>\n\t\t\t\t\t\t\t\t\t\t\t\t<\/div>\n\t\t\t\t<\/div>\n\t\t\t\t\t\t\t\t<\/div>\n\t\t\t\t<\/div>\n\t\t\t\t<div class=\"elementor-element elementor-element-6216dca elementor-widget elementor-widget-spacer\" data-id=\"6216dca\" data-element_type=\"widget\" data-widget_type=\"spacer.default\">\n\t\t\t\t<div class=\"elementor-widget-container\">\n\t\t\t\t\t\t\t<div class=\"elementor-spacer\">\n\t\t\t<div class=\"elementor-spacer-inner\"><\/div>\n\t\t<\/div>\n\t\t\t\t\t\t<\/div>\n\t\t\t\t<\/div>\n\t\t\t\t\t<\/div>\n\t\t<\/div>\n\t\t\t\t\t<\/div>\n\t\t<\/section>\n\t\t\t\t<section data-particle_enable=\"false\" data-particle-mobile-disabled=\"false\" class=\"elementor-section elementor-top-section elementor-element elementor-element-7d288f6 elementor-section-boxed elementor-section-height-default elementor-section-height-default\" data-id=\"7d288f6\" data-element_type=\"section\">\n\t\t\t\t\t\t<div class=\"elementor-container elementor-column-gap-default\">\n\t\t\t\t\t<div class=\"elementor-column elementor-col-100 elementor-top-column elementor-element elementor-element-d769751\" data-id=\"d769751\" data-element_type=\"column\">\n\t\t\t<div class=\"elementor-widget-wrap elementor-element-populated\">\n\t\t\t\t\t\t<div class=\"elementor-element elementor-element-46eee8e elementor-tabs-view-vertical elementor-widget elementor-widget-tabs\" data-id=\"46eee8e\" data-element_type=\"widget\" data-widget_type=\"tabs.default\">\n\t\t\t\t<div class=\"elementor-widget-container\">\n\t\t\t\t\t\t\t<div class=\"elementor-tabs\">\n\t\t\t<div class=\"elementor-tabs-wrapper\" role=\"tablist\" >\n\t\t\t\t\t\t\t\t\t<div id=\"elementor-tab-title-7431\" class=\"elementor-tab-title elementor-tab-desktop-title\" aria-selected=\"true\" data-tab=\"1\" role=\"tab\" tabindex=\"0\" aria-controls=\"elementor-tab-content-7431\" aria-expanded=\"false\">Antecedents<\/div>\n\t\t\t\t\t\t\t\t\t<div id=\"elementor-tab-title-7432\" class=\"elementor-tab-title elementor-tab-desktop-title\" aria-selected=\"false\" data-tab=\"2\" role=\"tab\" tabindex=\"-1\" aria-controls=\"elementor-tab-content-7432\" aria-expanded=\"false\">Hip\u00f2tesi<\/div>\n\t\t\t\t\t\t\t\t\t<div id=\"elementor-tab-title-7433\" class=\"elementor-tab-title elementor-tab-desktop-title\" aria-selected=\"false\" data-tab=\"3\" role=\"tab\" tabindex=\"-1\" aria-controls=\"elementor-tab-content-7433\" aria-expanded=\"false\">Objectius<\/div>\n\t\t\t\t\t\t\t\t\t<div id=\"elementor-tab-title-7434\" class=\"elementor-tab-title elementor-tab-desktop-title\" aria-selected=\"false\" data-tab=\"4\" role=\"tab\" tabindex=\"-1\" aria-controls=\"elementor-tab-content-7434\" aria-expanded=\"false\">Metodologia de treball <\/div>\n\t\t\t\t\t\t\t<\/div>\n\t\t\t<div class=\"elementor-tabs-content-wrapper\" role=\"tablist\" aria-orientation=\"vertical\">\n\t\t\t\t\t\t\t\t\t<div class=\"elementor-tab-title elementor-tab-mobile-title\" aria-selected=\"true\" data-tab=\"1\" role=\"tab\" tabindex=\"0\" aria-controls=\"elementor-tab-content-7431\" aria-expanded=\"false\">Antecedents<\/div>\n\t\t\t\t\t<div id=\"elementor-tab-content-7431\" class=\"elementor-tab-content elementor-clearfix\" data-tab=\"1\" role=\"tabpanel\" aria-labelledby=\"elementor-tab-title-7431\" tabindex=\"0\" hidden=\"false\"><p>Al m\u00f3n rural catal\u00e0 estem assistint a un canvi profund com a resultat de les \u201cm\u00faltiples crisis\u201d del model socioecon\u00f2mic i de desenvolupament vigent que donen lloc a transformacions socioecol\u00f2giques evidents ia una situaci\u00f3 de creixent incertesa en termes de sostenibilitat (Demirovic et al. 2011; Brand i Wissen 2021).<\/p>\n<p>Concretament al Pirineu catal\u00e0, que ha estat la nostra \u00e0rea d&#8217;an\u00e0lisi des de fa m\u00e9s de vint anys (Frigol\u00e9 i Roig\u00e9 2006; Vaccaro i Beltran 2010; Beltran i Vaccaro 2014; Estrada, Iglesias i Nadal 2015; Ravera et al. 2022; Fern\u00e1nde Gim\u00e9nez et al 2021; Del Marbre 2012, 2016) les crisis m\u00faltiples i solapades que conjuguen l&#8217;emerg\u00e8ncia clim\u00e0tica i social en termes de crisi de sostenibilitat i de reproducci\u00f3, s&#8217;han fet evidents no nom\u00e9s a nivell anal\u00edtic, sin\u00f3 tamb\u00e9 a trav\u00e9s d&#8217;una presa de consci\u00e8ncia espec\u00edfica a la poblaci\u00f3 local. Si fins fa deu anys el model de desenvolupament tur\u00edstic a zones rurals perif\u00e8riques semblava incontestat, l&#8217;emerg\u00e8ncia dels nous moviments socials sorgits en resposta a la crisi del 2008 ha transformat tamb\u00e9 l&#8217;escenari del conflicte sociopol\u00edtic en aquests territoris. Aix\u00ed, la percepci\u00f3 de la crisi socioecol\u00f2gica ha for\u00e7at l\u201fobertura d\u201fun nou debat que es concreta en una sumat\u00f2ria de projectes no necess\u00e0riament coordinats per\u00f2 que ens parlen de noves aspiracions i futurs alternatius.<\/p>\n<p>Les demandes de just\u00edcia social i ambiental es multipliquen en la forma de moviments socials de contraposici\u00f3 a projectes de car\u00e0cter extractivista dexplotaci\u00f3 dels recursos naturals, organitzats en base a agrupacions ve\u00efnals per la defensa del territori oa plataformes activistes m\u00e9s estructurades. A l&#8217;\u00e0mbit de la ramaderia i l&#8217;agricultura s&#8217;ha est\u00e8s el reclam a favor d&#8217;una producci\u00f3 ecol\u00f2gica i de proximitat i per la creaci\u00f3 de noves aliances i xarxes que garanteixin la sobirania aliment\u00e0ria, aspirant a models de producci\u00f3 i distribuci\u00f3 alternatius al model industrial i globalitzat que predomina a l&#8217;actual sistema agroalimentari. Aix\u00ed mateix, la crisi del model agroalimentari i la necessitat d&#8217;una aposta per noves estrat\u00e8gies i pol\u00edtiques a favor de les xarxes agroecol\u00f2giques s&#8217;ha aguditzat durant el confinament i el context postpand\u00e8mia (Arran de Terra 2020). La nova pagesia i el marc del decreixement s&#8217;enarboren com a pancartes per un futur viable i sostenible (Van der Ploeg 2008; Montllor 2011; Calvari 2017).<\/p>\n<p>L&#8217;aposta per l&#8217;economia social i solid\u00e0ria s&#8217;evidencia en la proliferaci\u00f3 de cooperatives i associacions diverses sovint proclius a recuperar i reinterpretar les velles formes de la gesti\u00f3 comunal com a model de relaci\u00f3 sostenible amb el territori i els seus recursos.<\/p>\n<p>L&#8217;an\u00e0lisi d&#8217;aquest projecte se centrar\u00e0 en els debats i les lluites que s&#8217;estan consolidant i que es concreten en una mir\u00edada d&#8217;iniciatives heterog\u00e8nies, projectes col\u00b7lectius i moviments que es presenten com a \u201ctransformadors\u201d a qu\u00e8 ens referirem com a \u201cresist\u00e8ncies rurals\u201d. D&#8217;aquesta manera, partim d&#8217;una perspectiva cr\u00edtica que rebutja les teories unificadores per centrar-se en la varietat d&#8217;assemblatges que prenen forma impulsats per forces socials concretes i la inestabilitat amb qu\u00e8 es fragmenten i es reorganitzen (Li 2009: 80).<\/p>\n<\/div>\n\t\t\t\t\t\t\t\t\t<div class=\"elementor-tab-title elementor-tab-mobile-title\" aria-selected=\"false\" data-tab=\"2\" role=\"tab\" tabindex=\"-1\" aria-controls=\"elementor-tab-content-7432\" aria-expanded=\"false\">Hip\u00f2tesi<\/div>\n\t\t\t\t\t<div id=\"elementor-tab-content-7432\" class=\"elementor-tab-content elementor-clearfix\" data-tab=\"2\" role=\"tabpanel\" aria-labelledby=\"elementor-tab-title-7432\" tabindex=\"0\" hidden=\"hidden\"><p>Partim concretament de tres hip\u00f2tesis de treball:<\/p>\n<p><strong>1) Esquerdes en el model de desenvolupament vigent:<\/strong> El corpus legislatiu i els mecanismes d&#8217;intervenci\u00f3 dirigits a la protecci\u00f3 i promoci\u00f3 del territori des d&#8217;una perspectiva conservacionista i desenvolupista promoguts les darreres d\u00e8cades, s&#8217;han demostrat insuficients per frenar una crisi ambiental, social, econ\u00f2mica i cultural. Es tracta de models que han deixat entreveure la seva fragilitat en termes de l&#8217;efic\u00e0cia dels seus instruments, la dificultat per establir models de desenvolupament endogen i els problemes de governan\u00e7a que han comportat. Considerem que han promogut els conflictes socials basats en la confrontaci\u00f3 de diferents percepcions i maneres contraposades d\u00b4entendre el territori, afavorint l\u00b4emerg\u00e8ncia de formes de resist\u00e8ncia.<\/p>\n<p><strong>2) Pressi\u00f3 creixent sobre els ecosistemes de muntanya:<\/strong> Les transformacions socioecon\u00f2miques recents (terciaritzaci\u00f3 de l&#8217;economia i predomini d&#8217;un model d&#8217;explotaci\u00f3 tur\u00edstic) van aguditzar la compet\u00e8ncia pels usos de la terra derivada de les pressions de l&#8217;economia del lleure i el turisme, la gentrificaci\u00f3 (vg. segones resid\u00e8ncies), els models de conservaci\u00f3 de la naturalesa i la conviv\u00e8ncia entre els vells i els nous modes dexplotaci\u00f3 de recursos i mat\u00e8ries primeres. En particular, l&#8217;aband\u00f3 progressiu del sistema agrosilvopastoril suposa un increment de la vulnerabilitat de les zones d&#8217;alta muntanya davant dels desafiaments del canvi clim\u00e0tic i la p\u00e8rdua de serveis ecosist\u00e8mics, aix\u00ed com l&#8217;agreujament de la despoblaci\u00f3 i els processos d&#8217;abandonament. A partir de la defensa dels territoris i paisatges de muntanya, les resist\u00e8ncies rurals busquen no sols la conservaci\u00f3 del capital natural, sin\u00f3 tamb\u00e9 la salvaguarda dels coneixements locals, la revitalitzaci\u00f3 i regeneraci\u00f3 social, pol\u00edtica i econ\u00f2mica local a partir de diferents accions i f\u00f3rmules de comprom\u00eds ciutad\u00e0.<\/p>\n<p><strong>3) Context de mobilitzaci\u00f3 social i nous comuns:<\/strong> La consolidaci\u00f3 d\u201fun paisatge de mobilitzaci\u00f3 social que respon a interessos i perspectives compartides permet albirar, en molts casos, un horitz\u00f3 d\u201fexploraci\u00f3 d\u201falternatives que t\u00e9 el potencial de promoure debats sobre nous models de governan\u00e7a, canvis de din\u00e0miques demogr\u00e0fiques i d\u201finnovaci\u00f3 social, nous rols i perspectives de g\u00e8nere, noves pr\u00e0ctiques de producci\u00f3 i h\u00e0bits de consum que poden, finalment, impactar en la conservaci\u00f3 de la biodiversitat, la sostenibilitat social i econ\u00f2mica de la poblaci\u00f3 local i l&#8217;adaptaci\u00f3 i la mitigaci\u00f3 del canvi clim\u00e0tic.<\/p>\n<\/div>\n\t\t\t\t\t\t\t\t\t<div class=\"elementor-tab-title elementor-tab-mobile-title\" aria-selected=\"false\" data-tab=\"3\" role=\"tab\" tabindex=\"-1\" aria-controls=\"elementor-tab-content-7433\" aria-expanded=\"false\">Objectius<\/div>\n\t\t\t\t\t<div id=\"elementor-tab-content-7433\" class=\"elementor-tab-content elementor-clearfix\" data-tab=\"3\" role=\"tabpanel\" aria-labelledby=\"elementor-tab-title-7433\" tabindex=\"0\" hidden=\"hidden\"><p>L&#8217;objectiu general del projecte \u00e9s analitzar aquestes noves formes de resist\u00e8ncia i pensar-ne el potencial com a germen de transformacions en el disseny d&#8217;escenaris de futur per al Pirineu catal\u00e0. <\/p>\n<p>Per respondre a aquest objectiu hem desenvolupat les nostres activitats al voltant de quatre objectius espec\u00edfics: <\/p>\n<ul>\n<li><strong>OBJECTIU ESPEC\u00cdFIC 1<\/strong><br \/>Mapejar, identificar i classificar les resist\u00e8ncies al Pirineu catal\u00e0 per mitj\u00e0 de metodologies participatives i digitals. <\/li>\n<li><strong>OBJECTIU ESPEC\u00cdFIC 2<\/strong><br \/>Analitzar els factors pol\u00edtics, socioecon\u00f2mics i culturals que van permetre l&#8217;origen, la implementaci\u00f3, la consolidaci\u00f3 i la difusi\u00f3 d&#8217;aquestes resist\u00e8ncies rurals en les darreres d\u00e8cades.<\/li>\n<li><strong>OBJECTIU ESPEC\u00cdFIC 3<\/strong><br \/>Explorar el potencial transformador de les resist\u00e8ncies i desenvolupar escenaris de futur per debatre propostes pol\u00edtiques.<\/li>\n<li><strong>OBJECTIU ESPEC\u00cdFIC 4<\/strong><br \/>Acompanyar el proc\u00e9s de di\u00e0leg interdisciplinari entre cient\u00edfics\/es i el col\u00b7laboratiu amb els agents del territori per potenciar la comunicaci\u00f3 i difusi\u00f3 dels resultats obtinguts cap a diferents sorres (cient\u00edfica, digital, social).\n<\/li>\n<\/ul>\n<p>\t\t<div data-elementor-type=\"section\" data-elementor-id=\"103\" class=\"elementor elementor-103\" data-elementor-post-type=\"elementor_library\">\n\t\t\t\t\t<section data-particle_enable=\"false\" data-particle-mobile-disabled=\"false\" class=\"elementor-section elementor-top-section elementor-element elementor-element-e5831ec elementor-section-boxed elementor-section-height-default elementor-section-height-default\" data-id=\"e5831ec\" data-element_type=\"section\">\n\t\t\t\t\t\t<div class=\"elementor-container elementor-column-gap-default\">\n\t\t\t\t\t<div class=\"elementor-column elementor-col-100 elementor-top-column elementor-element elementor-element-f92b042\" data-id=\"f92b042\" data-element_type=\"column\">\n\t\t\t<div class=\"elementor-widget-wrap elementor-element-populated\">\n\t\t\t\t\t\t<div class=\"elementor-element elementor-element-d5f07e7 elementor-widget elementor-widget-button\" data-id=\"d5f07e7\" data-element_type=\"widget\" data-widget_type=\"button.default\">\n\t\t\t\t<div class=\"elementor-widget-container\">\n\t\t\t\t\t\t\t\t\t<div class=\"elementor-button-wrapper\">\n\t\t\t\t\t<a class=\"elementor-button elementor-button-link elementor-size-sm\" href=\"\/ub\/objetivos-generales-y-especificos\/\">\n\t\t\t\t\t\t<span class=\"elementor-button-content-wrapper\">\n\t\t\t\t\t\t\t\t\t<span class=\"elementor-button-text\">Objetivos (versi\u00f3n completa)<\/span>\n\t\t\t\t\t<\/span>\n\t\t\t\t\t<\/a>\n\t\t\t\t<\/div>\n\t\t\t\t\t\t\t\t<\/div>\n\t\t\t\t<\/div>\n\t\t\t\t\t<\/div>\n\t\t<\/div>\n\t\t\t\t\t<\/div>\n\t\t<\/section>\n\t\t\t\t<\/div>\n\t\t<\/p>\n<\/div>\n\t\t\t\t\t\t\t\t\t<div class=\"elementor-tab-title elementor-tab-mobile-title\" aria-selected=\"false\" data-tab=\"4\" role=\"tab\" tabindex=\"-1\" aria-controls=\"elementor-tab-content-7434\" aria-expanded=\"false\">Metodologia de treball <\/div>\n\t\t\t\t\t<div id=\"elementor-tab-content-7434\" class=\"elementor-tab-content elementor-clearfix\" data-tab=\"4\" role=\"tabpanel\" aria-labelledby=\"elementor-tab-title-7434\" tabindex=\"0\" hidden=\"hidden\"><p>Gr\u00e0cies a l&#8217;\u00fas combinat de metodologies quantitatives i qualitatives, la investigaci\u00f3 s&#8217;orientar\u00e0 a la recopilaci\u00f3 de dades estad\u00edstiques, geogr\u00e0fiques (enquestes, cartografies digitals, GIS, an\u00e0lisi d&#8217;estad\u00edstiques) i informaci\u00f3 qualitativa (a trav\u00e9s d&#8217;entrevistes, an\u00e0lisi de discursos i narratives locals, an\u00e0lisi de premsa, grups focals de discussi\u00f3 i tallers) per aproximar-nos a la magnitud dels canvis i les transformacions dels darrers anys, posant a dialogar aquestes din\u00e0miques recents amb l&#8217;an\u00e0lisi diacr\u00f2nica.<\/p>\n<p>Cadascun dels \u00e0mbits de treball ser\u00e0 analitzat de manera transversal considerant tres escales d&#8217;estudi, a les quals correspondran metodologies de treball espec\u00edfiques que van del macro al micro:<\/p>\n<ul>\n<li><strong>Nivell 1:<\/strong> An\u00e0lisi explorat\u00f2ria i descriptiva de les resist\u00e8ncies rurals al Pirineu catal\u00e0 a partir de la definici\u00f3 d&#8217;una s\u00e8rie de variables (m\u00ednim com\u00fa denominador) i un mapeig col\u00b7laboratiu; <\/li>\n<li><strong>Nivell 2:<\/strong> Definici\u00f3 de variables, identificaci\u00f3 de traject\u00f2ries comunes, recopilaci\u00f3 de les din\u00e0miques de sorgiment i organitzaci\u00f3, lestructura dels discursos de resist\u00e8ncia, les formes de comunicaci\u00f3, aix\u00ed com el perfil i les articulacions dels actors socials participants. An\u00e0lisi dels \u00e0mbits de canvi\/transformaci\u00f3. Abast explicatiu i comparatiu;<\/li>\n<li><strong>Nivell 3:<\/strong> Selecci\u00f3 de casos destudi en profunditat, que identifiqui les l\u00f2giques dorigen i desenvolupament de les iniciatives en un ecosistema social i cultural m\u00e9s ampli i amb una perspectiva dan\u00e0lisi diacr\u00f2nica. Estudi de casos en profunditat. <\/li>\n<\/ul>\n<\/div>\n\t\t\t\t\t\t\t<\/div>\n\t\t<\/div>\n\t\t\t\t\t\t<\/div>\n\t\t\t\t<\/div>\n\t\t\t\t\t<\/div>\n\t\t<\/div>\n\t\t\t\t\t<\/div>\n\t\t<\/section>\n\t\t\t\t<section data-particle_enable=\"false\" data-particle-mobile-disabled=\"false\" class=\"elementor-section elementor-top-section elementor-element elementor-element-1ff4fc7 elementor-section-boxed elementor-section-height-default elementor-section-height-default\" data-id=\"1ff4fc7\" data-element_type=\"section\">\n\t\t\t\t\t\t<div class=\"elementor-container elementor-column-gap-default\">\n\t\t\t\t\t<div class=\"elementor-column elementor-col-100 elementor-top-column elementor-element elementor-element-7340f45\" data-id=\"7340f45\" data-element_type=\"column\">\n\t\t\t<div class=\"elementor-widget-wrap elementor-element-populated\">\n\t\t\t\t\t\t<div class=\"elementor-element elementor-element-8ac53ab elementor-widget elementor-widget-image\" data-id=\"8ac53ab\" data-element_type=\"widget\" data-widget_type=\"image.default\">\n\t\t\t\t<div class=\"elementor-widget-container\">\n\t\t\t\t\t\t\t\t\t\t\t\t\t\t\t<img fetchpriority=\"high\" decoding=\"async\" width=\"800\" height=\"116\" src=\"https:\/\/rerurp.cat\/wp-content\/uploads\/2025\/03\/Captura-de-pantalla-2025-03-25-a-les-12.42.49\u202fp.-m-1024x148.png\" class=\"attachment-large size-large wp-image-1242\" alt=\"\" srcset=\"https:\/\/rerurp.cat\/wp-content\/uploads\/2025\/03\/Captura-de-pantalla-2025-03-25-a-les-12.42.49\u202fp.-m-1024x148.png 1024w, https:\/\/rerurp.cat\/wp-content\/uploads\/2025\/03\/Captura-de-pantalla-2025-03-25-a-les-12.42.49\u202fp.-m-300x43.png 300w, https:\/\/rerurp.cat\/wp-content\/uploads\/2025\/03\/Captura-de-pantalla-2025-03-25-a-les-12.42.49\u202fp.-m-768x111.png 768w, https:\/\/rerurp.cat\/wp-content\/uploads\/2025\/03\/Captura-de-pantalla-2025-03-25-a-les-12.42.49\u202fp.-m.png 1174w\" sizes=\"(max-width: 800px) 100vw, 800px\" \/>\t\t\t\t\t\t\t\t\t\t\t\t\t\t\t<\/div>\n\t\t\t\t<\/div>\n\t\t\t\t<div class=\"elementor-element elementor-element-1e4381d elementor-widget elementor-widget-text-editor\" data-id=\"1e4381d\" data-element_type=\"widget\" data-widget_type=\"text-editor.default\">\n\t\t\t\t<div class=\"elementor-widget-container\">\n\t\t\t\t\t\t\t\t\t<p style=\"text-align: center;\">Projecte RERURP: PID2021-125132NA-I00<\/p>\t\t\t\t\t\t\t\t<\/div>\n\t\t\t\t<\/div>\n\t\t\t\t<div class=\"elementor-element elementor-element-41d71e4 elementor-widget elementor-widget-spacer\" data-id=\"41d71e4\" data-element_type=\"widget\" data-widget_type=\"spacer.default\">\n\t\t\t\t<div class=\"elementor-widget-container\">\n\t\t\t\t\t\t\t<div class=\"elementor-spacer\">\n\t\t\t<div class=\"elementor-spacer-inner\"><\/div>\n\t\t<\/div>\n\t\t\t\t\t\t<\/div>\n\t\t\t\t<\/div>\n\t\t\t\t\t<\/div>\n\t\t<\/div>\n\t\t\t\t\t<\/div>\n\t\t<\/section>\n\t\t\t\t<\/div>\n\t\t","protected":false},"excerpt":{"rendered":"<p>El projecte Antecedents Hip\u00f2tesi Objectius Metodologia de treball Antecedents Al m\u00f3n rural catal\u00e0 estem assistint a un canvi profund com a resultat de les \u201cm\u00faltiples crisis\u201d del model socioecon\u00f2mic i de desenvolupament vigent que donen lloc a transformacions socioecol\u00f2giques evidents ia una situaci\u00f3 de creixent incertesa en termes de sostenibilitat (Demirovic et al. 2011; Brand [&hellip;]<\/p>\n","protected":false},"author":1,"featured_media":0,"parent":0,"menu_order":0,"comment_status":"closed","ping_status":"closed","template":"","meta":{"footnotes":""},"class_list":["post-1010","page","type-page","status-publish","hentry"],"_links":{"self":[{"href":"https:\/\/rerurp.cat\/ca\/wp-json\/wp\/v2\/pages\/1010","targetHints":{"allow":["GET"]}}],"collection":[{"href":"https:\/\/rerurp.cat\/ca\/wp-json\/wp\/v2\/pages"}],"about":[{"href":"https:\/\/rerurp.cat\/ca\/wp-json\/wp\/v2\/types\/page"}],"author":[{"embeddable":true,"href":"https:\/\/rerurp.cat\/ca\/wp-json\/wp\/v2\/users\/1"}],"replies":[{"embeddable":true,"href":"https:\/\/rerurp.cat\/ca\/wp-json\/wp\/v2\/comments?post=1010"}],"version-history":[{"count":9,"href":"https:\/\/rerurp.cat\/ca\/wp-json\/wp\/v2\/pages\/1010\/revisions"}],"predecessor-version":[{"id":1275,"href":"https:\/\/rerurp.cat\/ca\/wp-json\/wp\/v2\/pages\/1010\/revisions\/1275"}],"wp:attachment":[{"href":"https:\/\/rerurp.cat\/ca\/wp-json\/wp\/v2\/media?parent=1010"}],"curies":[{"name":"wp","href":"https:\/\/api.w.org\/{rel}","templated":true}]}}