{"id":1002,"date":"2023-05-23T15:44:54","date_gmt":"2023-05-23T13:44:54","guid":{"rendered":"https:\/\/rerurp.cat\/comuns-i-economia-social-i-cooperativa\/"},"modified":"2023-05-24T22:58:47","modified_gmt":"2023-05-24T20:58:47","slug":"comuns-i-economia-social-i-cooperativa","status":"publish","type":"page","link":"https:\/\/rerurp.cat\/ca\/comuns-i-economia-social-i-cooperativa\/","title":{"rendered":"Comuns i economia social i cooperativa"},"content":{"rendered":"\t\t<div data-elementor-type=\"wp-page\" data-elementor-id=\"1002\" class=\"elementor elementor-1002 elementor-978\" data-elementor-post-type=\"page\">\n\t\t\t\t\t\t<section data-particle_enable=\"false\" data-particle-mobile-disabled=\"false\" class=\"elementor-section elementor-top-section elementor-element elementor-element-225cef88 elementor-section-boxed elementor-section-height-default elementor-section-height-default\" data-id=\"225cef88\" data-element_type=\"section\" data-settings=\"{&quot;background_background&quot;:&quot;classic&quot;}\">\n\t\t\t\t\t\t<div class=\"elementor-container elementor-column-gap-default\">\n\t\t\t\t\t<div class=\"elementor-column elementor-col-50 elementor-top-column elementor-element elementor-element-576444db\" data-id=\"576444db\" data-element_type=\"column\">\n\t\t\t<div class=\"elementor-widget-wrap elementor-element-populated\">\n\t\t\t\t\t\t<div class=\"elementor-element elementor-element-1a1d5290 elementor-widget elementor-widget-image\" data-id=\"1a1d5290\" data-element_type=\"widget\" data-widget_type=\"image.default\">\n\t\t\t\t<div class=\"elementor-widget-container\">\n\t\t\t\t\t\t\t\t\t\t\t\t\t\t\t<img fetchpriority=\"high\" decoding=\"async\" width=\"800\" height=\"800\" src=\"https:\/\/rerurp.cat\/wp-content\/uploads\/2023\/04\/1.png\" class=\"attachment-large size-large wp-image-691\" alt=\"\" srcset=\"https:\/\/rerurp.cat\/wp-content\/uploads\/2023\/04\/1.png 900w, https:\/\/rerurp.cat\/wp-content\/uploads\/2023\/04\/1-300x300.png 300w, https:\/\/rerurp.cat\/wp-content\/uploads\/2023\/04\/1-150x150.png 150w, https:\/\/rerurp.cat\/wp-content\/uploads\/2023\/04\/1-768x768.png 768w\" sizes=\"(max-width: 800px) 100vw, 800px\" \/>\t\t\t\t\t\t\t\t\t\t\t\t\t\t\t<\/div>\n\t\t\t\t<\/div>\n\t\t\t\t\t<\/div>\n\t\t<\/div>\n\t\t\t\t<div class=\"elementor-column elementor-col-50 elementor-top-column elementor-element elementor-element-6590807e\" data-id=\"6590807e\" data-element_type=\"column\">\n\t\t\t<div class=\"elementor-widget-wrap elementor-element-populated\">\n\t\t\t\t\t\t<div class=\"elementor-element elementor-element-72a21764 elementor-invisible elementor-widget elementor-widget-heading\" data-id=\"72a21764\" data-element_type=\"widget\" data-settings=\"{&quot;_animation&quot;:&quot;fadeIn&quot;}\" data-widget_type=\"heading.default\">\n\t\t\t\t<div class=\"elementor-widget-container\">\n\t\t\t\t\t<h5 class=\"elementor-heading-title elementor-size-default\">\u00c0mbit de recerca-acci\u00f3<\/h5>\t\t\t\t<\/div>\n\t\t\t\t<\/div>\n\t\t\t\t<div class=\"elementor-element elementor-element-59b2cdd5 elementor-invisible elementor-widget elementor-widget-heading\" data-id=\"59b2cdd5\" data-element_type=\"widget\" data-settings=\"{&quot;_animation&quot;:&quot;fadeIn&quot;}\" data-widget_type=\"heading.default\">\n\t\t\t\t<div class=\"elementor-widget-container\">\n\t\t\t\t\t<h1 class=\"elementor-heading-title elementor-size-default\">Comuns i economia social i cooperativa<\/h1>\t\t\t\t<\/div>\n\t\t\t\t<\/div>\n\t\t\t\t\t<\/div>\n\t\t<\/div>\n\t\t\t\t\t<\/div>\n\t\t<\/section>\n\t\t\t\t<section data-particle_enable=\"false\" data-particle-mobile-disabled=\"false\" class=\"elementor-section elementor-top-section elementor-element elementor-element-21794bc7 elementor-section-boxed elementor-section-height-default elementor-section-height-default\" data-id=\"21794bc7\" data-element_type=\"section\">\n\t\t\t\t\t\t<div class=\"elementor-container elementor-column-gap-default\">\n\t\t\t\t\t<div class=\"elementor-column elementor-col-100 elementor-top-column elementor-element elementor-element-315fab99\" data-id=\"315fab99\" data-element_type=\"column\">\n\t\t\t<div class=\"elementor-widget-wrap elementor-element-populated\">\n\t\t\t\t\t\t<div class=\"elementor-element elementor-element-e3beb18 elementor-widget-divider--view-line elementor-widget elementor-widget-divider\" data-id=\"e3beb18\" data-element_type=\"widget\" data-widget_type=\"divider.default\">\n\t\t\t\t<div class=\"elementor-widget-container\">\n\t\t\t\t\t\t\t<div class=\"elementor-divider\">\n\t\t\t<span class=\"elementor-divider-separator\">\n\t\t\t\t\t\t<\/span>\n\t\t<\/div>\n\t\t\t\t\t\t<\/div>\n\t\t\t\t<\/div>\n\t\t\t\t\t<\/div>\n\t\t<\/div>\n\t\t\t\t\t<\/div>\n\t\t<\/section>\n\t\t\t\t<section data-particle_enable=\"false\" data-particle-mobile-disabled=\"false\" class=\"elementor-section elementor-top-section elementor-element elementor-element-122d127e elementor-section-boxed elementor-section-height-default elementor-section-height-default\" data-id=\"122d127e\" data-element_type=\"section\">\n\t\t\t\t\t\t<div class=\"elementor-container elementor-column-gap-default\">\n\t\t\t\t\t<div class=\"elementor-column elementor-col-50 elementor-top-column elementor-element elementor-element-24e6ff57\" data-id=\"24e6ff57\" data-element_type=\"column\">\n\t\t\t<div class=\"elementor-widget-wrap\">\n\t\t\t\t\t\t\t<\/div>\n\t\t<\/div>\n\t\t\t\t<div class=\"elementor-column elementor-col-50 elementor-top-column elementor-element elementor-element-29edb344\" data-id=\"29edb344\" data-element_type=\"column\">\n\t\t\t<div class=\"elementor-widget-wrap elementor-element-populated\">\n\t\t\t\t\t\t<div class=\"elementor-element elementor-element-5cd0674e elementor-widget elementor-widget-text-editor\" data-id=\"5cd0674e\" data-element_type=\"widget\" data-widget_type=\"text-editor.default\">\n\t\t\t\t<div class=\"elementor-widget-container\">\n\t\t\t\t\t\t\t\t\t<p><strong>Accions col\u00b7lectives que inclouen la reorganitzaci\u00f3 local ve\u00efnal al voltant de la gesti\u00f3 de recursos, b\u00e9ns i serveis comuns i noves formes organitzatives en la definici\u00f3 del com\u00fa o iniciatives per al foment de la repoblaci\u00f3 i la revitalitzaci\u00f3 territorial.<\/strong><\/p>\n\t\t\t\t\t\t\t\t<\/div>\n\t\t\t\t<\/div>\n\t\t\t\t<div class=\"elementor-element elementor-element-3711b602 elementor-widget elementor-widget-heading\" data-id=\"3711b602\" data-element_type=\"widget\" data-widget_type=\"heading.default\">\n\t\t\t\t<div class=\"elementor-widget-container\">\n\t\t\t\t\t<h5 class=\"elementor-heading-title elementor-size-default\">Publicacions relacionades<\/h5>\t\t\t\t<\/div>\n\t\t\t\t<\/div>\n\t\t\t\t\t<\/div>\n\t\t<\/div>\n\t\t\t\t\t<\/div>\n\t\t<\/section>\n\t\t\t\t<section data-particle_enable=\"false\" data-particle-mobile-disabled=\"false\" class=\"elementor-section elementor-top-section elementor-element elementor-element-404ad15c elementor-section-boxed elementor-section-height-default elementor-section-height-default\" data-id=\"404ad15c\" data-element_type=\"section\">\n\t\t\t\t\t\t<div class=\"elementor-container elementor-column-gap-default\">\n\t\t\t\t\t<div class=\"elementor-column elementor-col-100 elementor-top-column elementor-element elementor-element-50acce82\" data-id=\"50acce82\" data-element_type=\"column\">\n\t\t\t<div class=\"elementor-widget-wrap elementor-element-populated\">\n\t\t\t\t\t\t<div class=\"elementor-element elementor-element-5741312e elementor-widget elementor-widget-spacer\" data-id=\"5741312e\" data-element_type=\"widget\" data-widget_type=\"spacer.default\">\n\t\t\t\t<div class=\"elementor-widget-container\">\n\t\t\t\t\t\t\t<div class=\"elementor-spacer\">\n\t\t\t<div class=\"elementor-spacer-inner\"><\/div>\n\t\t<\/div>\n\t\t\t\t\t\t<\/div>\n\t\t\t\t<\/div>\n\t\t\t\t\t<\/div>\n\t\t<\/div>\n\t\t\t\t\t<\/div>\n\t\t<\/section>\n\t\t\t\t<\/div>\n\t\t","protected":false},"excerpt":{"rendered":"<p>\u00c0mbit de recerca-acci\u00f3 Comuns i economia social i cooperativa Accions col\u00b7lectives que inclouen la reorganitzaci\u00f3 local ve\u00efnal al voltant de la gesti\u00f3 de recursos, b\u00e9ns i serveis comuns i noves formes organitzatives en la definici\u00f3 del com\u00fa o iniciatives per al foment de la repoblaci\u00f3 i la revitalitzaci\u00f3 territorial. Publicacions relacionades<\/p>\n","protected":false},"author":1,"featured_media":0,"parent":0,"menu_order":0,"comment_status":"closed","ping_status":"closed","template":"","meta":{"footnotes":""},"class_list":["post-1002","page","type-page","status-publish","hentry"],"_links":{"self":[{"href":"https:\/\/rerurp.cat\/ca\/wp-json\/wp\/v2\/pages\/1002","targetHints":{"allow":["GET"]}}],"collection":[{"href":"https:\/\/rerurp.cat\/ca\/wp-json\/wp\/v2\/pages"}],"about":[{"href":"https:\/\/rerurp.cat\/ca\/wp-json\/wp\/v2\/types\/page"}],"author":[{"embeddable":true,"href":"https:\/\/rerurp.cat\/ca\/wp-json\/wp\/v2\/users\/1"}],"replies":[{"embeddable":true,"href":"https:\/\/rerurp.cat\/ca\/wp-json\/wp\/v2\/comments?post=1002"}],"version-history":[{"count":3,"href":"https:\/\/rerurp.cat\/ca\/wp-json\/wp\/v2\/pages\/1002\/revisions"}],"predecessor-version":[{"id":1005,"href":"https:\/\/rerurp.cat\/ca\/wp-json\/wp\/v2\/pages\/1002\/revisions\/1005"}],"wp:attachment":[{"href":"https:\/\/rerurp.cat\/ca\/wp-json\/wp\/v2\/media?parent=1002"}],"curies":[{"name":"wp","href":"https:\/\/api.w.org\/{rel}","templated":true}]}}